{"id":644,"date":"2018-06-18T14:12:35","date_gmt":"2018-06-18T17:12:35","guid":{"rendered":"https:\/\/institutosaenz-bue.infd.edu.ar\/sitio\/?page_id=644"},"modified":"2021-07-21T20:16:36","modified_gmt":"2021-07-21T23:16:36","slug":"catalogo","status":"publish","type":"page","link":"https:\/\/institutosaenz-bue.infd.edu.ar\/sitio\/catalogo\/","title":{"rendered":"Carreras"},"content":{"rendered":"\n<figure class=\"wp-block-image size-large\"><img decoding=\"async\" loading=\"lazy\" width=\"1900\" height=\"1069\" src=\"https:\/\/institutosaenz-bue.infd.edu.ar\/sitio\/wp-content\/uploads\/2021\/07\/Reunion-Ingresantes-1er-ano-2021.pptx-1900x1069.png\" alt=\"\" class=\"wp-image-786\" srcset=\"https:\/\/institutosaenz-bue.infd.edu.ar\/sitio\/wp-content\/uploads\/2021\/07\/Reunion-Ingresantes-1er-ano-2021.pptx-1900x1069.png 1900w, https:\/\/institutosaenz-bue.infd.edu.ar\/sitio\/wp-content\/uploads\/2021\/07\/Reunion-Ingresantes-1er-ano-2021.pptx-1000x562.png 1000w, https:\/\/institutosaenz-bue.infd.edu.ar\/sitio\/wp-content\/uploads\/2021\/07\/Reunion-Ingresantes-1er-ano-2021.pptx-768x432.png 768w, https:\/\/institutosaenz-bue.infd.edu.ar\/sitio\/wp-content\/uploads\/2021\/07\/Reunion-Ingresantes-1er-ano-2021.pptx-1536x864.png 1536w, https:\/\/institutosaenz-bue.infd.edu.ar\/sitio\/wp-content\/uploads\/2021\/07\/Reunion-Ingresantes-1er-ano-2021.pptx-2048x1152.png 2048w\" sizes=\"(max-width: 1900px) 100vw, 1900px\" \/><\/figure>\n\n\n\n<p class=\"has-black-color has-text-color\">Profesorados: Historia, Psicolog\u00eda, Ingl\u00e9s, Matem\u00e1tica,  Educaci\u00f3n Inicial, Filosof\u00eda, Biolog\u00eda y Educaci\u00f3n Primaria<\/p>\n\n\n\n<p><\/p>\n","protected":false},"excerpt":{"rendered":"<p>Profesorados: Historia, Psicolog\u00eda, Ingl\u00e9s, Matem\u00e1tica, Educaci\u00f3n Inicial, Filosof\u00eda, Biolog\u00eda y Educaci\u00f3n Primaria<\/p>\n","protected":false},"author":1,"featured_media":0,"parent":0,"menu_order":0,"comment_status":"closed","ping_status":"closed","template":"","meta":[],"acf":[],"_links":{"self":[{"href":"https:\/\/institutosaenz-bue.infd.edu.ar\/sitio\/wp-json\/wp\/v2\/pages\/644"}],"collection":[{"href":"https:\/\/institutosaenz-bue.infd.edu.ar\/sitio\/wp-json\/wp\/v2\/pages"}],"about":[{"href":"https:\/\/institutosaenz-bue.infd.edu.ar\/sitio\/wp-json\/wp\/v2\/types\/page"}],"author":[{"embeddable":true,"href":"https:\/\/institutosaenz-bue.infd.edu.ar\/sitio\/wp-json\/wp\/v2\/users\/1"}],"replies":[{"embeddable":true,"href":"https:\/\/institutosaenz-bue.infd.edu.ar\/sitio\/wp-json\/wp\/v2\/comments?post=644"}],"version-history":[{"count":10,"href":"https:\/\/institutosaenz-bue.infd.edu.ar\/sitio\/wp-json\/wp\/v2\/pages\/644\/revisions"}],"predecessor-version":[{"id":808,"href":"https:\/\/institutosaenz-bue.infd.edu.ar\/sitio\/wp-json\/wp\/v2\/pages\/644\/revisions\/808"}],"wp:attachment":[{"href":"https:\/\/institutosaenz-bue.infd.edu.ar\/sitio\/wp-json\/wp\/v2\/media?parent=644"}],"curies":[{"name":"wp","href":"https:\/\/api.w.org\/{rel}","templated":true}]}}